{"id":3052,"date":"2025-06-16T11:14:06","date_gmt":"2025-06-16T09:14:06","guid":{"rendered":"https:\/\/yuntas.eu\/life-co2rk\/videos\/"},"modified":"2026-03-04T15:02:04","modified_gmt":"2026-03-04T14:02:04","slug":"videos","status":"publish","type":"page","link":"https:\/\/yuntas.eu\/pt-pt\/life-co2rk\/videos\/","title":{"rendered":"V\u00eddeos"},"content":{"rendered":"\n<p>Rela\u00e7\u00e3o de v\u00eddeos relacionados com o <strong><a href=\"https:\/\/yuntas.eu\/pt-pt\/life-co2rk\/\">projeto LIFE CO2RK<\/a><\/strong> nos quais se explica de forma clara e simples em que consiste o projeto e os seus benef\u00edcios a curto, m\u00e9dio e longo prazo.<\/p>\n\n<p><\/p>\n","protected":false},"excerpt":{"rendered":"<p>Rela\u00e7\u00e3o de v\u00eddeos relacionados com o projeto LIFE CO2RK nos quais se explica de forma clara e simples em que consiste o projeto e os seus benef\u00edcios a curto, m\u00e9dio e longo prazo.<\/p>\n","protected":false},"author":1,"featured_media":1598,"parent":1548,"menu_order":0,"comment_status":"closed","ping_status":"closed","template":"","meta":{"_acf_changed":false,"_seopress_robots_primary_cat":"","_seopress_titles_title":"V\u00eddeos do projeto LIFE CO2RK: Altera\u00e7\u00f5es clim\u00e1ticas, gest\u00e3o florestal sustent\u00e1vel.","_seopress_titles_desc":"Rela\u00e7\u00e3o de v\u00eddeos do projeto LIFE CO2RK nos quais os seus integrantes falam e explicam qual \u00e9 o prop\u00f3sito do projeto.","_seopress_robots_index":"","footnotes":""},"class_list":["post-3052","page","type-page","status-publish","has-post-thumbnail","hentry"],"acf":[],"_links":{"self":[{"href":"https:\/\/yuntas.eu\/pt-pt\/wp-json\/wp\/v2\/pages\/3052","targetHints":{"allow":["GET"]}}],"collection":[{"href":"https:\/\/yuntas.eu\/pt-pt\/wp-json\/wp\/v2\/pages"}],"about":[{"href":"https:\/\/yuntas.eu\/pt-pt\/wp-json\/wp\/v2\/types\/page"}],"author":[{"embeddable":true,"href":"https:\/\/yuntas.eu\/pt-pt\/wp-json\/wp\/v2\/users\/1"}],"replies":[{"embeddable":true,"href":"https:\/\/yuntas.eu\/pt-pt\/wp-json\/wp\/v2\/comments?post=3052"}],"version-history":[{"count":1,"href":"https:\/\/yuntas.eu\/pt-pt\/wp-json\/wp\/v2\/pages\/3052\/revisions"}],"predecessor-version":[{"id":3053,"href":"https:\/\/yuntas.eu\/pt-pt\/wp-json\/wp\/v2\/pages\/3052\/revisions\/3053"}],"up":[{"embeddable":true,"href":"https:\/\/yuntas.eu\/pt-pt\/wp-json\/wp\/v2\/pages\/1548"}],"wp:featuredmedia":[{"embeddable":true,"href":"https:\/\/yuntas.eu\/pt-pt\/wp-json\/wp\/v2\/media\/1598"}],"wp:attachment":[{"href":"https:\/\/yuntas.eu\/pt-pt\/wp-json\/wp\/v2\/media?parent=3052"}],"curies":[{"name":"wp","href":"https:\/\/api.w.org\/{rel}","templated":true}]}}