{"id":1548,"date":"2024-09-24T20:29:25","date_gmt":"2024-09-24T18:29:25","guid":{"rendered":"https:\/\/yuntas.eu\/life-co2rk\/"},"modified":"2026-03-04T15:28:34","modified_gmt":"2026-03-04T14:28:34","slug":"life-co2rk","status":"publish","type":"page","link":"https:\/\/yuntas.eu\/pt-pt\/life-co2rk\/","title":{"rendered":"Life CO2RK"},"content":{"rendered":"","protected":false},"excerpt":{"rendered":"","protected":false},"author":1,"featured_media":1196,"parent":0,"menu_order":0,"comment_status":"closed","ping_status":"closed","template":"","meta":{"_acf_changed":false,"_seopress_robots_primary_cat":"","_seopress_titles_title":"Projeto LIFE CO2RK - Compensa\u00e7\u00e3o da pegada de carbono para empresas","_seopress_titles_desc":"O LIFE CO2RK \u00e9 um projeto que pretende travar as altera\u00e7\u00f5es clim\u00e1ticas atrav\u00e9s da compensa\u00e7\u00e3o da pegada de carbono em colabora\u00e7\u00e3o com empresas.","_seopress_robots_index":"","footnotes":""},"class_list":["post-1548","page","type-page","status-publish","has-post-thumbnail","hentry"],"acf":[],"_links":{"self":[{"href":"https:\/\/yuntas.eu\/pt-pt\/wp-json\/wp\/v2\/pages\/1548","targetHints":{"allow":["GET"]}}],"collection":[{"href":"https:\/\/yuntas.eu\/pt-pt\/wp-json\/wp\/v2\/pages"}],"about":[{"href":"https:\/\/yuntas.eu\/pt-pt\/wp-json\/wp\/v2\/types\/page"}],"author":[{"embeddable":true,"href":"https:\/\/yuntas.eu\/pt-pt\/wp-json\/wp\/v2\/users\/1"}],"replies":[{"embeddable":true,"href":"https:\/\/yuntas.eu\/pt-pt\/wp-json\/wp\/v2\/comments?post=1548"}],"version-history":[{"count":7,"href":"https:\/\/yuntas.eu\/pt-pt\/wp-json\/wp\/v2\/pages\/1548\/revisions"}],"predecessor-version":[{"id":3131,"href":"https:\/\/yuntas.eu\/pt-pt\/wp-json\/wp\/v2\/pages\/1548\/revisions\/3131"}],"wp:featuredmedia":[{"embeddable":true,"href":"https:\/\/yuntas.eu\/pt-pt\/wp-json\/wp\/v2\/media\/1196"}],"wp:attachment":[{"href":"https:\/\/yuntas.eu\/pt-pt\/wp-json\/wp\/v2\/media?parent=1548"}],"curies":[{"name":"wp","href":"https:\/\/api.w.org\/{rel}","templated":true}]}}